{"id":1921,"date":"2025-05-09T13:51:36","date_gmt":"2025-05-09T13:51:36","guid":{"rendered":"https:\/\/www.tastetsdegratallops.com\/servicios\/"},"modified":"2025-05-27T14:28:27","modified_gmt":"2025-05-27T14:28:27","slug":"servicios","status":"publish","type":"page","link":"https:\/\/www.tastetsdegratallops.com\/es\/servicios\/","title":{"rendered":"Servicios"},"content":{"rendered":"<p>[et_pb_section fb_built=\u00bb1&#8243; _builder_version=\u00bb4.27.4&#8243; _module_preset=\u00bbdefault\u00bb saved_tabs=\u00bball\u00bb global_colors_info=\u00bb{}\u00bb theme_builder_area=\u00bbpost_content\u00bb][et_pb_row _builder_version=\u00bb4.27.4&#8243; _module_preset=\u00bbdefault\u00bb global_colors_info=\u00bb{}\u00bb theme_builder_area=\u00bbpost_content\u00bb][et_pb_column type=\u00bb4_4&#8243; _builder_version=\u00bb4.27.4&#8243; _module_preset=\u00bbdefault\u00bb global_colors_info=\u00bb{}\u00bb theme_builder_area=\u00bbpost_content\u00bb][et_pb_text _builder_version=\u00bb4.21.0&#8243; _module_preset=\u00bbea6c71b7-7129-4727-babe-172623fed35d\u00bb text_orientation=\u00bbcenter\u00bb background_layout=\u00bbdark\u00bb global_colors_info=\u00bb{}\u00bb theme_builder_area=\u00bbpost_content\u00bb]<\/p>\n<h2 data-pm-slice=\"1 1 []\"><span style=\"color: #800020;\">ALOJAMIENTOS, RESTAURACI\u00d3N Y SERVICIOS<\/span> <span style=\"color: #800020;\"><i>EN GRATALLOPS<\/i><\/span><\/h2>\n<p>[\/et_pb_text][\/et_pb_column][\/et_pb_row][et_pb_row column_structure=\u00bb1_5,1_5,1_5,1_5,1_5&#8243; _builder_version=\u00bb4.27.4&#8243; _module_preset=\u00bbdefault\u00bb global_colors_info=\u00bb{}\u00bb theme_builder_area=\u00bbpost_content\u00bb][et_pb_column type=\u00bb1_5&#8243; _builder_version=\u00bb4.27.4&#8243; _module_preset=\u00bbdefault\u00bb global_colors_info=\u00bb{}\u00bb theme_builder_area=\u00bbpost_content\u00bb][et_pb_image src=\u00bbhttps:\/\/www.tastetsdegratallops.com\/wp-content\/uploads\/2025\/05\/sponsors-tastets-ajuntament-de-gratllops-2.jpg\u00bb title_text=\u00bbsponsors-tastets-ajuntament-de-gratllops-2&#8243; url=\u00bbhttps:\/\/gratallops.altanet.org\u00bb url_new_window=\u00bbon\u00bb _builder_version=\u00bb4.27.4&#8243; _module_preset=\u00bbdefault\u00bb global_colors_info=\u00bb{}\u00bb theme_builder_area=\u00bbpost_content\u00bb][\/et_pb_image][\/et_pb_column][et_pb_column type=\u00bb1_5&#8243; _builder_version=\u00bb4.27.4&#8243; _module_preset=\u00bbdefault\u00bb global_colors_info=\u00bb{}\u00bb theme_builder_area=\u00bbpost_content\u00bb][et_pb_image src=\u00bbhttps:\/\/www.tastetsdegratallops.com\/wp-content\/uploads\/2025\/05\/sponsors-tastets-bon-viure.jpg\u00bb title_text=\u00bbsponsors-tastets-bon-viure\u00bb url=\u00bbhttps:\/\/bonviure.blogspot.com\u00bb url_new_window=\u00bbon\u00bb _builder_version=\u00bb4.27.4&#8243; _module_preset=\u00bbdefault\u00bb global_colors_info=\u00bb{}\u00bb theme_builder_area=\u00bbpost_content\u00bb][\/et_pb_image][\/et_pb_column][et_pb_column type=\u00bb1_5&#8243; _builder_version=\u00bb4.27.4&#8243; _module_preset=\u00bbdefault\u00bb global_colors_info=\u00bb{}\u00bb theme_builder_area=\u00bbpost_content\u00bb][et_pb_image src=\u00bbhttps:\/\/www.tastetsdegratallops.com\/wp-content\/uploads\/2025\/05\/sponsors-tastets-cal-joanet.jpg\u00bb title_text=\u00bbsponsors-tastets-cal-joanet\u00bb url=\u00bbhttps:\/\/www.airbnb.cat\/rooms\/5385709&#8243; url_new_window=\u00bbon\u00bb _builder_version=\u00bb4.27.4&#8243; _module_preset=\u00bbdefault\u00bb global_colors_info=\u00bb{}\u00bb theme_builder_area=\u00bbpost_content\u00bb][\/et_pb_image][\/et_pb_column][et_pb_column type=\u00bb1_5&#8243; _builder_version=\u00bb4.27.4&#8243; _module_preset=\u00bbdefault\u00bb global_colors_info=\u00bb{}\u00bb theme_builder_area=\u00bbpost_content\u00bb][et_pb_image src=\u00bbhttps:\/\/www.tastetsdegratallops.com\/wp-content\/uploads\/2025\/05\/sponsors-tastets-ca-laixut.jpg\u00bb title_text=\u00bbsponsors-tastets-ca-laixut\u00bb url=\u00bbhttps:\/\/calaixut.com\u00bb url_new_window=\u00bbon\u00bb _builder_version=\u00bb4.27.4&#8243; _module_preset=\u00bbdefault\u00bb global_colors_info=\u00bb{}\u00bb theme_builder_area=\u00bbpost_content\u00bb][\/et_pb_image][\/et_pb_column][et_pb_column type=\u00bb1_5&#8243; _builder_version=\u00bb4.27.4&#8243; _module_preset=\u00bbdefault\u00bb global_colors_info=\u00bb{}\u00bb theme_builder_area=\u00bbpost_content\u00bb][et_pb_image src=\u00bbhttps:\/\/www.tastetsdegratallops.com\/wp-content\/uploads\/2025\/05\/sponsors-tastets-cal-botera.jpg\u00bb title_text=\u00bbsponsors-tastets-cal-botera\u00bb url=\u00bbhttps:\/\/carta.menu\/restaurants\/gratallops-espana\/cal-botera\u00bb url_new_window=\u00bbon\u00bb _builder_version=\u00bb4.27.4&#8243; _module_preset=\u00bbdefault\u00bb global_colors_info=\u00bb{}\u00bb theme_builder_area=\u00bbpost_content\u00bb][\/et_pb_image][\/et_pb_column][\/et_pb_row][et_pb_row column_structure=\u00bb1_5,1_5,1_5,1_5,1_5&#8243; _builder_version=\u00bb4.27.4&#8243; _module_preset=\u00bbdefault\u00bb global_colors_info=\u00bb{}\u00bb theme_builder_area=\u00bbpost_content\u00bb][et_pb_column type=\u00bb1_5&#8243; _builder_version=\u00bb4.27.4&#8243; _module_preset=\u00bbdefault\u00bb global_colors_info=\u00bb{}\u00bb theme_builder_area=\u00bbpost_content\u00bb][et_pb_image src=\u00bbhttps:\/\/www.tastetsdegratallops.com\/wp-content\/uploads\/2025\/05\/sponsors-tastets-cal-llop.jpg\u00bb title_text=\u00bbsponsors-tastets-cal-llop\u00bb url=\u00bbhttps:\/\/www.cal-llop.com\u00bb url_new_window=\u00bbon\u00bb _builder_version=\u00bb4.27.4&#8243; _module_preset=\u00bbdefault\u00bb global_colors_info=\u00bb{}\u00bb theme_builder_area=\u00bbpost_content\u00bb][\/et_pb_image][\/et_pb_column][et_pb_column type=\u00bb1_5&#8243; _builder_version=\u00bb4.27.4&#8243; _module_preset=\u00bbdefault\u00bb global_colors_info=\u00bb{}\u00bb theme_builder_area=\u00bbpost_content\u00bb][et_pb_image src=\u00bbhttps:\/\/www.tastetsdegratallops.com\/wp-content\/uploads\/2025\/05\/sponsors-capmas-priorat.jpg\u00bb title_text=\u00bbsponsors-capmas-priorat\u00bb url=\u00bbhttps:\/\/capmaspriorat.com\/ca\/\u00bb url_new_window=\u00bbon\u00bb _builder_version=\u00bb4.27.4&#8243; _module_preset=\u00bbdefault\u00bb global_colors_info=\u00bb{}\u00bb theme_builder_area=\u00bbpost_content\u00bb][\/et_pb_image][\/et_pb_column][et_pb_column type=\u00bb1_5&#8243; _builder_version=\u00bb4.27.4&#8243; _module_preset=\u00bbdefault\u00bb global_colors_info=\u00bb{}\u00bb theme_builder_area=\u00bbpost_content\u00bb][et_pb_image src=\u00bbhttps:\/\/www.tastetsdegratallops.com\/wp-content\/uploads\/2025\/05\/sponsors-tastets-cellers-de-gratallops.jpg\u00bb title_text=\u00bbsponsors-tastets-cellers-de-gratallops\u00bb url=\u00bbhttps:\/\/www.facebook.com\/pages\/Celler-De-Gratallops\/202087979829612&#8243; url_new_window=\u00bbon\u00bb _builder_version=\u00bb4.27.4&#8243; _module_preset=\u00bbdefault\u00bb global_colors_info=\u00bb{}\u00bb theme_builder_area=\u00bbpost_content\u00bb][\/et_pb_image][\/et_pb_column][et_pb_column type=\u00bb1_5&#8243; _builder_version=\u00bb4.27.4&#8243; _module_preset=\u00bbdefault\u00bb global_colors_info=\u00bb{}\u00bb theme_builder_area=\u00bbpost_content\u00bb][et_pb_image src=\u00bbhttps:\/\/www.tastetsdegratallops.com\/wp-content\/uploads\/2025\/05\/hotel-clos-figueras.jpg\u00bb title_text=\u00bbuntitled\u00bb url=\u00bbhttps:\/\/www.closfigueras.info\u00bb url_new_window=\u00bbon\u00bb _builder_version=\u00bb4.27.4&#8243; _module_preset=\u00bbdefault\u00bb global_colors_info=\u00bb{}\u00bb theme_builder_area=\u00bbpost_content\u00bb][\/et_pb_image][\/et_pb_column][et_pb_column type=\u00bb1_5&#8243; _builder_version=\u00bb4.27.4&#8243; _module_preset=\u00bbdefault\u00bb global_colors_info=\u00bb{}\u00bb theme_builder_area=\u00bbpost_content\u00bb][et_pb_image src=\u00bbhttps:\/\/www.tastetsdegratallops.com\/wp-content\/uploads\/2025\/05\/ca-la-salina.jpg\u00bb title_text=\u00bbca-la-salina\u00bb url=\u00bbhttps:\/\/www.escapadarural.com\/casa-rural\/tarragona\/ca-la-salina\u00bb url_new_window=\u00bbon\u00bb _builder_version=\u00bb4.27.4&#8243; _module_preset=\u00bbdefault\u00bb global_colors_info=\u00bb{}\u00bb theme_builder_area=\u00bbpost_content\u00bb][\/et_pb_image][\/et_pb_column][\/et_pb_row][et_pb_row column_structure=\u00bb1_5,1_5,1_5,1_5,1_5&#8243; _builder_version=\u00bb4.27.4&#8243; _module_preset=\u00bbdefault\u00bb global_colors_info=\u00bb{}\u00bb theme_builder_area=\u00bbpost_content\u00bb][et_pb_column type=\u00bb1_5&#8243; _builder_version=\u00bb4.27.4&#8243; _module_preset=\u00bbdefault\u00bb global_colors_info=\u00bb{}\u00bb theme_builder_area=\u00bbpost_content\u00bb][et_pb_image src=\u00bbhttps:\/\/www.tastetsdegratallops.com\/wp-content\/uploads\/2025\/05\/Logo-petit-llop-copia.png\u00bb title_text=\u00bbLogo petit llop copia\u00bb url=\u00bbhttps:\/\/www.instagram.com\/el_petitllop\/?hl=es\u00bb url_new_window=\u00bbon\u00bb _builder_version=\u00bb4.27.4&#8243; _module_preset=\u00bbdefault\u00bb global_colors_info=\u00bb{}\u00bb theme_builder_area=\u00bbpost_content\u00bb][\/et_pb_image][\/et_pb_column][et_pb_column type=\u00bb1_5&#8243; _builder_version=\u00bb4.27.4&#8243; _module_preset=\u00bbdefault\u00bb global_colors_info=\u00bb{}\u00bb theme_builder_area=\u00bbpost_content\u00bb][et_pb_image src=\u00bbhttps:\/\/www.tastetsdegratallops.com\/wp-content\/uploads\/2025\/05\/restaurant_amics.jpg\u00bb title_text=\u00bbrestaurant_amics\u00bb url=\u00bbhttps:\/\/www.restaurantamics.com\/es\/\u00bb url_new_window=\u00bbon\u00bb _builder_version=\u00bb4.27.4&#8243; _module_preset=\u00bbdefault\u00bb global_colors_info=\u00bb{}\u00bb theme_builder_area=\u00bbpost_content\u00bb][\/et_pb_image][\/et_pb_column][et_pb_column type=\u00bb1_5&#8243; _builder_version=\u00bb4.27.4&#8243; _module_preset=\u00bbdefault\u00bb global_colors_info=\u00bb{}\u00bb theme_builder_area=\u00bbpost_content\u00bb][et_pb_image src=\u00bbhttps:\/\/www.tastetsdegratallops.com\/wp-content\/uploads\/2025\/05\/slate_wine_bar.jpg\u00bb title_text=\u00bbslate_wine_bar\u00bb url=\u00bbhttps:\/\/www.tripadvisor.es\/Restaurant_Review-g616245-d19122143-Reviews-Slate_Wine_Bar-Gratallops_Province_of_Tarragona_Catalonia.html\u00bb url_new_window=\u00bbon\u00bb _builder_version=\u00bb4.27.4&#8243; _module_preset=\u00bbdefault\u00bb global_colors_info=\u00bb{}\u00bb theme_builder_area=\u00bbpost_content\u00bb][\/et_pb_image][\/et_pb_column][et_pb_column type=\u00bb1_5&#8243; _builder_version=\u00bb4.27.4&#8243; _module_preset=\u00bbdefault\u00bb global_colors_info=\u00bb{}\u00bb theme_builder_area=\u00bbpost_content\u00bb][et_pb_image src=\u00bbhttps:\/\/www.tastetsdegratallops.com\/wp-content\/uploads\/2025\/05\/trossos_priorat.jpg\u00bb title_text=\u00bbtrossos_priorat\u00bb url=\u00bbhttps:\/\/ca.trossosdelpriorat.com\u00bb url_new_window=\u00bbon\u00bb _builder_version=\u00bb4.27.4&#8243; _module_preset=\u00bbdefault\u00bb global_colors_info=\u00bb{}\u00bb theme_builder_area=\u00bbpost_content\u00bb][\/et_pb_image][\/et_pb_column][et_pb_column type=\u00bb1_5&#8243; _builder_version=\u00bb4.27.4&#8243; _module_preset=\u00bbdefault\u00bb global_colors_info=\u00bb{}\u00bb theme_builder_area=\u00bbpost_content\u00bb][et_pb_image src=\u00bbhttps:\/\/www.tastetsdegratallops.com\/wp-content\/uploads\/2025\/05\/HOSTAL-ELVIRA.jpg\u00bb title_text=\u00bbHOSTAL-ELVIRA\u00bb url=\u00bbhttps:\/\/www.tripadvisor.es\/Hotel_Review-g616245-d1761677-Reviews-Hostal_Elvira-Gratallops_Province_of_Tarragona_Catalonia.html\u00bb url_new_window=\u00bbon\u00bb _builder_version=\u00bb4.27.4&#8243; _module_preset=\u00bbdefault\u00bb global_colors_info=\u00bb{}\u00bb theme_builder_area=\u00bbpost_content\u00bb][\/et_pb_image][\/et_pb_column][\/et_pb_row][et_pb_row column_structure=\u00bb1_5,1_5,1_5,1_5,1_5&#8243; _builder_version=\u00bb4.27.4&#8243; _module_preset=\u00bbdefault\u00bb global_colors_info=\u00bb{}\u00bb theme_builder_area=\u00bbpost_content\u00bb][et_pb_column type=\u00bb1_5&#8243; _builder_version=\u00bb4.27.4&#8243; _module_preset=\u00bbdefault\u00bb global_colors_info=\u00bb{}\u00bb theme_builder_area=\u00bbpost_content\u00bb][et_pb_image src=\u00bbhttps:\/\/www.tastetsdegratallops.com\/wp-content\/uploads\/2025\/05\/LA-FONT.jpg\u00bb title_text=\u00bbLA-FONT\u00bb url=\u00bbhttps:\/\/www.facebook.com\/lafont.gratallops\/\u00bb url_new_window=\u00bbon\u00bb _builder_version=\u00bb4.27.4&#8243; _module_preset=\u00bbdefault\u00bb global_colors_info=\u00bb{}\u00bb theme_builder_area=\u00bbpost_content\u00bb][\/et_pb_image][\/et_pb_column][et_pb_column type=\u00bb1_5&#8243; _builder_version=\u00bb4.27.4&#8243; _module_preset=\u00bbdefault\u00bb global_colors_info=\u00bb{}\u00bb theme_builder_area=\u00bbpost_content\u00bb][et_pb_image src=\u00bbhttps:\/\/www.tastetsdegratallops.com\/wp-content\/uploads\/2025\/05\/fundacio-santa-maria-de-siurana.png\u00bb title_text=\u00bbfundacio-santa-maria-de-siurana\u00bb url=\u00bbhttps:\/\/fundaciosiurana.cat\u00bb _builder_version=\u00bb4.27.4&#8243; _module_preset=\u00bbdefault\u00bb global_colors_info=\u00bb{}\u00bb theme_builder_area=\u00bbpost_content\u00bb][\/et_pb_image][\/et_pb_column][et_pb_column type=\u00bb1_5&#8243; _builder_version=\u00bb4.27.4&#8243; _module_preset=\u00bbdefault\u00bb global_colors_info=\u00bb{}\u00bb theme_builder_area=\u00bbpost_content\u00bb][\/et_pb_column][et_pb_column type=\u00bb1_5&#8243; _builder_version=\u00bb4.27.4&#8243; _module_preset=\u00bbdefault\u00bb global_colors_info=\u00bb{}\u00bb theme_builder_area=\u00bbpost_content\u00bb][\/et_pb_column][et_pb_column type=\u00bb1_5&#8243; _builder_version=\u00bb4.27.4&#8243; _module_preset=\u00bbdefault\u00bb global_colors_info=\u00bb{}\u00bb theme_builder_area=\u00bbpost_content\u00bb][\/et_pb_column][\/et_pb_row][\/et_pb_section][et_pb_section fb_built=\u00bb1&#8243; admin_label=\u00bbCall to Action\u00bb module_id=\u00bbentradas\u00bb _builder_version=\u00bb4.27.4&#8243; _module_preset=\u00bbdefault\u00bb use_background_color_gradient=\u00bbon\u00bb background_color_gradient_stops=\u00bbrgba(25,25,25,0.85) 0%|rgba(43,43,43,0.85) 100%\u00bb background_color_gradient_overlays_image=\u00bbon\u00bb background_image=\u00bbhttps:\/\/www.tastetsdegratallops.com\/wp-content\/uploads\/2025\/04\/pretzel-shop-10b.jpg\u00bb max_width=\u00bb100%\u00bb min_height=\u00bb674px\u00bb height=\u00bb690px\u00bb custom_padding=\u00bb||54px|||\u00bb saved_tabs=\u00bball\u00bb locked=\u00bboff\u00bb collapsed=\u00bboff\u00bb global_colors_info=\u00bb{}\u00bb][et_pb_row _builder_version=\u00bb4.21.0&#8243; _module_preset=\u00bbdefault\u00bb global_colors_info=\u00bb{}\u00bb][et_pb_column type=\u00bb4_4&#8243; _builder_version=\u00bb4.21.0&#8243; _module_preset=\u00bbdefault\u00bb global_colors_info=\u00bb{}\u00bb][et_pb_text _builder_version=\u00bb4.27.4&#8243; _module_preset=\u00bb91e206bf-ed48-440f-871e-772a91e777db\u00bb header_4_text_color=\u00bb#FFFFFF\u00bb text_orientation=\u00bbcenter\u00bb global_colors_info=\u00bb{}\u00bb]<\/p>\n<h4><span style=\"font-size: x-large;\">Ven a conocer Tastets <\/span><\/h4>\n<p>[\/et_pb_text][et_pb_text _builder_version=\u00bb4.21.0&#8243; _module_preset=\u00bb837a44fe-a970-426f-b5d8-1b31f2b4cc3c\u00bb text_orientation=\u00bbcenter\u00bb background_layout=\u00bbdark\u00bb global_colors_info=\u00bb{}\u00bb]<\/p>\n<h2 data-pm-slice=\"1 1 []\">Compra Tus Tickets <\/h2>\n<p>[\/et_pb_text][\/et_pb_column][\/et_pb_row][et_pb_row _builder_version=\u00bb4.27.4&#8243; _module_preset=\u00bbdefault\u00bb width=\u00bb75%\u00bb max_width=\u00bb2560px\u00bb min_height=\u00bb300px\u00bb height=\u00bb300px\u00bb max_height=\u00bb300px\u00bb global_colors_info=\u00bb{}\u00bb][et_pb_column type=\u00bb4_4&#8243; _builder_version=\u00bb4.27.4&#8243; _module_preset=\u00bbdefault\u00bb global_colors_info=\u00bb{}\u00bb][et_pb_code _builder_version=\u00bb4.27.4&#8243; _module_preset=\u00bbdefault\u00bb min_height=\u00bb300px\u00bb height=\u00bb300px\u00bb max_height=\u00bb300px\u00bb custom_padding=\u00bb||0px|||\u00bb global_colors_info=\u00bb{}\u00bb]<\/p>\n<div class=\"custom-iframe\" style=\"position: relative; width: 100%; height: 300px;\"><!-- [et_pb_line_break_holder] -->  <iframe src=\"https:\/\/vivetix.com\/es\/entradas-tastets-de-gratallops-2025-mrkm#\/sse4sq1aSq9\" style=\"position: absolute; top: 0; left: 0; width: 100%; height: 100%;\" frameborder=\"0\" allowfullscreen=\"\"><\/iframe><!-- [et_pb_line_break_holder] --><\/div>\n<p>[\/et_pb_code][et_pb_text _builder_version=\u00bb4.21.0&#8243; _module_preset=\u00bb51c165f0-9d5c-4df3-b6c9-d5825ab6a3f0&#8243; header_3_text_color=\u00bbgcid-73408ef3-8d7e-4e2c-a307-3f6f154d7ffc\u00bb text_orientation=\u00bbcenter\u00bb global_colors_info=\u00bb{%22gcid-73408ef3-8d7e-4e2c-a307-3f6f154d7ffc%22:%91%22header_3_text_color%22%93}\u00bb]<\/p>\n<h3><span style=\"color: #ffffff;\">M\u00e1s informaci\u00f3n <\/span><\/h3>\n<h3><span style=\"color: #ffffff;\">(+34) 977 83 92 95 o info@tastetsdegratallops.com<\/span><\/h3>\n<p>[\/et_pb_text][\/et_pb_column][\/et_pb_row][\/et_pb_section]<\/p>\n","protected":false},"excerpt":{"rendered":"<p>ALOJAMIENTOS, RESTAURACI\u00d3N Y SERVICIOS EN GRATALLOPSVen a conocer Tastets Compra Tus Tickets M\u00e1s informaci\u00f3n (+34) 977 83 92 95 o info@tastetsdegratallops.com<\/p>\n","protected":false},"author":1,"featured_media":0,"parent":0,"menu_order":0,"comment_status":"closed","ping_status":"closed","template":"","meta":{"_et_pb_use_builder":"on","_et_pb_old_content":"","_et_gb_content_width":"","_joinchat":[],"footnotes":""},"class_list":["post-1921","page","type-page","status-publish","hentry"],"jetpack_sharing_enabled":true,"_links":{"self":[{"href":"https:\/\/www.tastetsdegratallops.com\/es\/wp-json\/wp\/v2\/pages\/1921","targetHints":{"allow":["GET"]}}],"collection":[{"href":"https:\/\/www.tastetsdegratallops.com\/es\/wp-json\/wp\/v2\/pages"}],"about":[{"href":"https:\/\/www.tastetsdegratallops.com\/es\/wp-json\/wp\/v2\/types\/page"}],"author":[{"embeddable":true,"href":"https:\/\/www.tastetsdegratallops.com\/es\/wp-json\/wp\/v2\/users\/1"}],"replies":[{"embeddable":true,"href":"https:\/\/www.tastetsdegratallops.com\/es\/wp-json\/wp\/v2\/comments?post=1921"}],"version-history":[{"count":3,"href":"https:\/\/www.tastetsdegratallops.com\/es\/wp-json\/wp\/v2\/pages\/1921\/revisions"}],"predecessor-version":[{"id":2389,"href":"https:\/\/www.tastetsdegratallops.com\/es\/wp-json\/wp\/v2\/pages\/1921\/revisions\/2389"}],"wp:attachment":[{"href":"https:\/\/www.tastetsdegratallops.com\/es\/wp-json\/wp\/v2\/media?parent=1921"}],"curies":[{"name":"wp","href":"https:\/\/api.w.org\/{rel}","templated":true}]}}