{"id":1915,"date":"2025-04-09T10:00:23","date_gmt":"2025-04-09T10:00:23","guid":{"rendered":"https:\/\/www.tastetsdegratallops.com\/contacto\/"},"modified":"2025-05-28T07:22:58","modified_gmt":"2025-05-28T07:22:58","slug":"contacto","status":"publish","type":"page","link":"https:\/\/www.tastetsdegratallops.com\/es\/contacto\/","title":{"rendered":"Contacto"},"content":{"rendered":"<p>[et_pb_section fb_built=\u00bb1&#8243; admin_label=\u00bbHeader &#038; Contact Info\u00bb _builder_version=\u00bb4.21.0&#8243; _module_preset=\u00bbdefault\u00bb locked=\u00bboff\u00bb collapsed=\u00bbon\u00bb global_colors_info=\u00bb{}\u00bb][et_pb_row _builder_version=\u00bb4.21.0&#8243; _module_preset=\u00bbdefault\u00bb global_colors_info=\u00bb{}\u00bb][et_pb_column type=\u00bb4_4&#8243; _builder_version=\u00bb4.21.0&#8243; _module_preset=\u00bbdefault\u00bb global_colors_info=\u00bb{}\u00bb][et_pb_text _builder_version=\u00bb4.27.4&#8243; _module_preset=\u00bb083e143b-cca4-403e-9f4d-8b50207268d0&#8243; inline_fonts=\u00bbPoppins\u00bb global_colors_info=\u00bb{}\u00bb]<\/p>\n<h1 style=\"font-size: 40pt;\"><span style=\"font-family: Poppins; font-weight: normal;\">CONTACTAR AMB L&#8217;EQUIP<strong><span style=\"color: #9b0154;\"> TASTETS<\/span><\/strong><\/span><\/h1>\n<p>[\/et_pb_text][\/et_pb_column][\/et_pb_row][et_pb_row column_structure=\u00bb2_5,3_5&#8243; _builder_version=\u00bb4.21.0&#8243; _module_preset=\u00bbdefault\u00bb global_colors_info=\u00bb{}\u00bb][et_pb_column type=\u00bb2_5&#8243; _builder_version=\u00bb4.21.0&#8243; _module_preset=\u00bbdefault\u00bb global_colors_info=\u00bb{}\u00bb][et_pb_text _builder_version=\u00bb4.27.4&#8243; _module_preset=\u00bb4307ac83-a0ce-4964-8487-3e1522857fa5&#8243; custom_margin=\u00bb||0px||false|false\u00bb global_colors_info=\u00bb{}\u00bb]<\/p>\n<h4><strong><span style=\"color: #993366;\">Llamanos<\/span><\/strong><\/h4>\n<p>[\/et_pb_text][et_pb_text _builder_version=\u00bb4.27.4&#8243; _module_preset=\u00bbb1981344-0f03-4cc3-87d0-471a07356fa2&#8243; global_colors_info=\u00bb{}\u00bb]<\/p>\n<h6>977 83 92 95<\/h6>\n<p>[\/et_pb_text][et_pb_text _builder_version=\u00bb4.27.4&#8243; _module_preset=\u00bb4307ac83-a0ce-4964-8487-3e1522857fa5&#8243; custom_margin=\u00bb||0px||false|false\u00bb global_colors_info=\u00bb{}\u00bb]<\/p>\n<h4><strong><span style=\"color: #993366;\">Envianos un correo<\/span><\/strong><\/h4>\n<p>[\/et_pb_text][et_pb_text _builder_version=\u00bb4.27.4&#8243; _module_preset=\u00bbd2296219-bcfd-4dec-9e30-eae6bcd4da3b\u00bb link_text_color=\u00bbgcid-9c2b1d03-730f-4a4a-96c1-7a483c6994a2&#8243; global_colors_info=\u00bb{%22gcid-9c2b1d03-730f-4a4a-96c1-7a483c6994a2%22:%91%22link_text_color%22%93}\u00bb]<\/p>\n<h6 class=\"heading\" id=\"h_45393687131744191765298\"><a href=\"#h_45393687131744191765298\">info@tastetsdegratallops.com<\/a><\/h6>\n<p>[\/et_pb_text][et_pb_text _builder_version=\u00bb4.27.4&#8243; _module_preset=\u00bb4307ac83-a0ce-4964-8487-3e1522857fa5&#8243; text_text_color=\u00bb#9b0154&#8243; custom_margin=\u00bb||0px||false|false\u00bb global_colors_info=\u00bb{}\u00bb]<\/p>\n<h4><strong><span style=\"color: #993366;\">Localitzaci\u00f3n<\/span><\/strong><\/h4>\n<p>[\/et_pb_text][et_pb_text _builder_version=\u00bb4.27.4&#8243; _module_preset=\u00bbd2296219-bcfd-4dec-9e30-eae6bcd4da3b\u00bb link_text_color=\u00bbgcid-9c2b1d03-730f-4a4a-96c1-7a483c6994a2&#8243; custom_margin=\u00bb||0px||false|false\u00bb global_colors_info=\u00bb{%22gcid-9c2b1d03-730f-4a4a-96c1-7a483c6994a2%22:%91%22link_text_color%22%93}\u00bb]<\/p>\n<h6 class=\"heading\">Pla\u00e7a de l&#8217;Esgl\u00e9sia<br \/>Gratallops (Priorat ES)<\/h6>\n<p>[\/et_pb_text][\/et_pb_column][et_pb_column type=\u00bb3_5&#8243; _builder_version=\u00bb4.21.0&#8243; _module_preset=\u00bbdefault\u00bb global_colors_info=\u00bb{}\u00bb][et_pb_contact_form captcha=\u00bboff\u00bb email=\u00bbinfo@tastetsdegratallops.com\u00bb submit_button_text=\u00bbENVIAR\u00bb _builder_version=\u00bb4.27.4&#8243; _module_preset=\u00bb1cae93c3-9b23-4154-b63c-06b3a5766607&#8243; form_field_focus_background_color=\u00bb#9b0154&#8243; button_text_color=\u00bb#FFFFFF\u00bb hover_enabled=\u00bb0&#8243; border_radii=\u00bboff||||\u00bb locked=\u00bboff\u00bb global_colors_info=\u00bb{%22gcid-73408ef3-8d7e-4e2c-a307-3f6f154d7ffc%22:%91%22border_color_all%22,%22button_bg_color%22,%22button_bg_color%22%93,%22gcid-0dd65ac1-b501-41d8-8d6b-bb3a9daf5c2a%22:%91%22form_field_text_color%22,%22form_field_text_color%22%93}\u00bb success_message=\u00bbGracias por contactar con nosotros\u00bb sticky_enabled=\u00bb0&#8243;][et_pb_contact_field field_id=\u00bbNom_i_cognoms_(*)\u00bb field_title=\u00bbNombre y apellidos\u00bb fullwidth_field=\u00bbon\u00bb field_title_tablet=\u00bbNombre y apellidos\u00bb field_title_phone=\u00bbNombre y apellidos\u00bb field_title_last_edited=\u00bbon|desktop\u00bb _builder_version=\u00bb4.27.4&#8243; _module_preset=\u00bbdefault\u00bb form_field_font=\u00bb&#8211;et_global_heading_font|700||on|||||\u00bb global_colors_info=\u00bb{}\u00bb][\/et_pb_contact_field][et_pb_contact_field field_id=\u00bbCorreu_electr\u00f2nic_(*)\u00bb field_title=\u00bbCorreo electr\u00f3nico\u00bb fullwidth_field=\u00bbon\u00bb _builder_version=\u00bb4.27.4&#8243; _module_preset=\u00bbdefault\u00bb global_colors_info=\u00bb{}\u00bb button_text_size__hover_enabled=\u00bboff\u00bb button_one_text_size__hover_enabled=\u00bboff\u00bb button_two_text_size__hover_enabled=\u00bboff\u00bb button_text_color__hover_enabled=\u00bboff\u00bb button_one_text_color__hover_enabled=\u00bboff\u00bb button_two_text_color__hover_enabled=\u00bboff\u00bb button_border_width__hover_enabled=\u00bboff\u00bb button_one_border_width__hover_enabled=\u00bboff\u00bb button_two_border_width__hover_enabled=\u00bboff\u00bb button_border_color__hover_enabled=\u00bboff\u00bb button_one_border_color__hover_enabled=\u00bboff\u00bb button_two_border_color__hover_enabled=\u00bboff\u00bb button_border_radius__hover_enabled=\u00bboff\u00bb button_one_border_radius__hover_enabled=\u00bboff\u00bb button_two_border_radius__hover_enabled=\u00bboff\u00bb button_letter_spacing__hover_enabled=\u00bboff\u00bb button_one_letter_spacing__hover_enabled=\u00bboff\u00bb button_two_letter_spacing__hover_enabled=\u00bboff\u00bb button_bg_color__hover_enabled=\u00bboff\u00bb button_one_bg_color__hover_enabled=\u00bboff\u00bb button_two_bg_color__hover_enabled=\u00bboff\u00bb][\/et_pb_contact_field][et_pb_contact_field field_id=\u00bbConsulta\u00bb field_title=\u00bbConsulta\u00bb field_type=\u00bbtext\u00bb fullwidth_field=\u00bbon\u00bb _builder_version=\u00bb4.27.4&#8243; _module_preset=\u00bbdefault\u00bb global_colors_info=\u00bb{}\u00bb button_text_size__hover_enabled=\u00bboff\u00bb button_one_text_size__hover_enabled=\u00bboff\u00bb button_two_text_size__hover_enabled=\u00bboff\u00bb button_text_color__hover_enabled=\u00bboff\u00bb button_one_text_color__hover_enabled=\u00bboff\u00bb button_two_text_color__hover_enabled=\u00bboff\u00bb button_border_width__hover_enabled=\u00bboff\u00bb button_one_border_width__hover_enabled=\u00bboff\u00bb button_two_border_width__hover_enabled=\u00bboff\u00bb button_border_color__hover_enabled=\u00bboff\u00bb button_one_border_color__hover_enabled=\u00bboff\u00bb button_two_border_color__hover_enabled=\u00bboff\u00bb button_border_radius__hover_enabled=\u00bboff\u00bb button_one_border_radius__hover_enabled=\u00bboff\u00bb button_two_border_radius__hover_enabled=\u00bboff\u00bb button_letter_spacing__hover_enabled=\u00bboff\u00bb button_one_letter_spacing__hover_enabled=\u00bboff\u00bb button_two_letter_spacing__hover_enabled=\u00bboff\u00bb button_bg_color__hover_enabled=\u00bboff\u00bb button_one_bg_color__hover_enabled=\u00bboff\u00bb button_two_bg_color__hover_enabled=\u00bboff\u00bb][\/et_pb_contact_field][\/et_pb_contact_form][\/et_pb_column][\/et_pb_row][et_pb_row _builder_version=\u00bb4.27.4&#8243; _module_preset=\u00bbdefault\u00bb custom_margin=\u00bb|auto|25px|auto||\u00bb custom_padding=\u00bb14px|||||\u00bb global_colors_info=\u00bb{}\u00bb][et_pb_column type=\u00bb4_4&#8243; _builder_version=\u00bb4.27.4&#8243; _module_preset=\u00bbdefault\u00bb global_colors_info=\u00bb{}\u00bb][et_pb_map address=\u00bb43737 Gratallops, Tarragona, Espa\u00f1a\u00bb zoom_level=\u00bb17&#8243; address_lat=\u00bb41.192923398178&#8243; address_lng=\u00bb0.77704527857362&#8243; _builder_version=\u00bb4.27.4&#8243; _module_preset=\u00bbdefault\u00bb global_colors_info=\u00bb{}\u00bb][et_pb_map_pin title=\u00bbTastets de Gratallops\u00bb _builder_version=\u00bb4.27.4&#8243; _module_preset=\u00bbdefault\u00bb global_colors_info=\u00bb{}\u00bb][\/et_pb_map_pin][\/et_pb_map][\/et_pb_column][\/et_pb_row][\/et_pb_section][et_pb_section fb_built=\u00bb1&#8243; _builder_version=\u00bb4.27.4&#8243; _module_preset=\u00bbdefault\u00bb custom_margin=\u00bb-53px||-190px|||\u00bb global_colors_info=\u00bb{}\u00bb][\/et_pb_section][et_pb_section fb_built=\u00bb1&#8243; admin_label=\u00bbFooter\u00bb _builder_version=\u00bb4.21.0&#8243; _module_preset=\u00bbdefault\u00bb background_color=\u00bbgcid-0dd65ac1-b501-41d8-8d6b-bb3a9daf5c2a\u00bb min_height=\u00bb563.7px\u00bb custom_margin=\u00bb41px||-156px|||\u00bb saved_tabs=\u00bball\u00bb locked=\u00bboff\u00bb collapsed=\u00bbon\u00bb global_colors_info=\u00bb{%22gcid-0dd65ac1-b501-41d8-8d6b-bb3a9daf5c2a%22:%91%22background_color%22%93}\u00bb][et_pb_row column_structure=\u00bb1_3,1_3,1_3&#8243; _builder_version=\u00bb4.21.0&#8243; _module_preset=\u00bbdefault\u00bb global_colors_info=\u00bb{}\u00bb][et_pb_column type=\u00bb1_3&#8243; _builder_version=\u00bb4.21.0&#8243; _module_preset=\u00bbdefault\u00bb global_colors_info=\u00bb{}\u00bb][et_pb_text _builder_version=\u00bb4.27.4&#8243; _module_preset=\u00bbd2296219-bcfd-4dec-9e30-eae6bcd4da3b\u00bb text_text_color=\u00bb#FFFFFF\u00bb global_colors_info=\u00bb{}\u00bb]Llamonos: 977 83 92 95<\/p>\n<p>Envianos un correo:<br \/>\ninfo@tastetsdegratallops.com<\/p>\n<p>Localitzaci\u00f3n:<br \/>\nPla\u00e7a de l\u2019Esgl\u00e9sia<br \/>\nGratallops (Priorat ES)[\/et_pb_text][\/et_pb_column][et_pb_column type=\u00bb1_3&#8243; _builder_version=\u00bb4.27.4&#8243; _module_preset=\u00bbdefault\u00bb global_colors_info=\u00bb{}\u00bb][et_pb_text _builder_version=\u00bb4.27.4&#8243; _module_preset=\u00bb4307ac83-a0ce-4964-8487-3e1522857fa5&#8243; header_6_text_color=\u00bb#FFFFFF\u00bb custom_margin=\u00bb||0px||false|false\u00bb locked=\u00bboff\u00bb global_colors_info=\u00bb{}\u00bb]<\/p>\n<h6>COLABORADORES<\/h6>\n<p><span style=\"color: #ffffff;\"><a href=\"https:\/\/www.dipta.cat\" style=\"color: #ffffff;\">Diputaci\u00f3 de Tarragona<\/a><\/span><\/p>\n<p><span style=\"color: #ffffff;\">Gr\u00e0fiques Priorat<\/span><\/p>\n<p>[\/et_pb_text][\/et_pb_column][et_pb_column type=\u00bb1_3&#8243; _builder_version=\u00bb4.21.0&#8243; _module_preset=\u00bbdefault\u00bb global_colors_info=\u00bb{}\u00bb][et_pb_text _builder_version=\u00bb4.27.4&#8243; _module_preset=\u00bb4307ac83-a0ce-4964-8487-3e1522857fa5&#8243; header_6_text_color=\u00bb#FFFFFF\u00bb custom_margin=\u00bb||0px||false|false\u00bb locked=\u00bboff\u00bb global_colors_info=\u00bb{}\u00bb]<\/p>\n<h6>Contacto<\/h6>\n<p>[\/et_pb_text][et_pb_text _builder_version=\u00bb4.21.0&#8243; _module_preset=\u00bbb1981344-0f03-4cc3-87d0-471a07356fa2&#8243; header_4_text_color=\u00bbgcid-73408ef3-8d7e-4e2c-a307-3f6f154d7ffc\u00bb custom_margin=\u00bb||0px||false|false\u00bb locked=\u00bboff\u00bb global_colors_info=\u00bb{%22gcid-73408ef3-8d7e-4e2c-a307-3f6f154d7ffc%22:%91%22header_4_text_color%22%93}\u00bb]<\/p>\n<h4>+34 977 83 92 95<\/h4>\n<p>[\/et_pb_text][et_pb_text _builder_version=\u00bb4.27.4&#8243; _module_preset=\u00bbd2296219-bcfd-4dec-9e30-eae6bcd4da3b\u00bb link_text_color=\u00bbgcid-f232757b-4d7a-4e78-b151-fb3b6b856f41&#8243; locked=\u00bboff\u00bb global_colors_info=\u00bb{%22gcid-f232757b-4d7a-4e78-b151-fb3b6b856f41%22:%91%22link_text_color%22%93}\u00bb link_text_color__hover_enabled=\u00bboff|desktop\u00bb]<\/p>\n<h6 class=\"heading\"><span style=\"color: #ffffff;\"><a href=\"mailto:info@tastetsdegratallops.com\">info@tastetsdegratallops.com<\/a><\/span><\/h6>\n<h6><span style=\"color: #ffffff;\">Pla\u00e7a de l&#8217;Esgl\u00e9sia, Gratallops (Priorat)<\/span><\/h6>\n<p>[\/et_pb_text][\/et_pb_column][\/et_pb_row][et_pb_row _builder_version=\u00bb4.21.0&#8243; _module_preset=\u00bbdefault\u00bb global_colors_info=\u00bb{}\u00bb][et_pb_column type=\u00bb4_4&#8243; _builder_version=\u00bb4.21.0&#8243; _module_preset=\u00bbdefault\u00bb global_colors_info=\u00bb{}\u00bb][et_pb_social_media_follow icon_color=\u00bbgcid-0dd65ac1-b501-41d8-8d6b-bb3a9daf5c2a\u00bb _builder_version=\u00bb4.27.4&#8243; _module_preset=\u00bbdefault\u00bb text_orientation=\u00bbcenter\u00bb text_orientation_tablet=\u00bbleft\u00bb text_orientation_phone=\u00bb\u00bb text_orientation_last_edited=\u00bbon|tablet\u00bb border_radii=\u00bbon|100px|100px|100px|100px\u00bb global_colors_info=\u00bb{%22gcid-0dd65ac1-b501-41d8-8d6b-bb3a9daf5c2a%22:%91%22icon_color%22%93}\u00bb][et_pb_social_media_follow_network social_network=\u00bbinstagram\u00bb url=\u00bbhttps:\/\/www.instagram.com\/tastetsdegratallops\u00bb _builder_version=\u00bb4.27.4&#8243; _module_preset=\u00bbdefault\u00bb background_color=\u00bbgcid-73408ef3-8d7e-4e2c-a307-3f6f154d7ffc\u00bb background_enable_color=\u00bbon\u00bb custom_padding=\u00bb4px|4px|4px|4px|true|true\u00bb global_colors_info=\u00bb{%22gcid-73408ef3-8d7e-4e2c-a307-3f6f154d7ffc%22:%91%22background_color%22,%22background_color%22%93}\u00bb follow_button=\u00bboff\u00bb url_new_window=\u00bbon\u00bb]instagram[\/et_pb_social_media_follow_network][\/et_pb_social_media_follow][\/et_pb_column][\/et_pb_row][\/et_pb_section]<\/p>\n","protected":false},"excerpt":{"rendered":"<p>CONTACTAR AMB L&#8217;EQUIP TASTETSLlamanos977 83 92 95Envianos un correoinfo@tastetsdegratallops.comLocalitzaci\u00f3nPla\u00e7a de l&#8217;Esgl\u00e9siaGratallops (Priorat ES)Llamonos: 977 83 92 95 Envianos un correo: info@tastetsdegratallops.com Localitzaci\u00f3n: Pla\u00e7a de l\u2019Esgl\u00e9sia Gratallops (Priorat ES)COLABORADORES Diputaci\u00f3 de Tarragona Gr\u00e0fiques PrioratContacto+34 977 83 92 95info@tastetsdegratallops.com Pla\u00e7a de l&#8217;Esgl\u00e9sia, Gratallops (Priorat)<\/p>\n","protected":false},"author":1,"featured_media":0,"parent":0,"menu_order":0,"comment_status":"closed","ping_status":"closed","template":"","meta":{"_et_pb_use_builder":"on","_et_pb_old_content":"","_et_gb_content_width":"","_joinchat":[],"footnotes":""},"class_list":["post-1915","page","type-page","status-publish","hentry"],"jetpack_sharing_enabled":true,"_links":{"self":[{"href":"https:\/\/www.tastetsdegratallops.com\/es\/wp-json\/wp\/v2\/pages\/1915","targetHints":{"allow":["GET"]}}],"collection":[{"href":"https:\/\/www.tastetsdegratallops.com\/es\/wp-json\/wp\/v2\/pages"}],"about":[{"href":"https:\/\/www.tastetsdegratallops.com\/es\/wp-json\/wp\/v2\/types\/page"}],"author":[{"embeddable":true,"href":"https:\/\/www.tastetsdegratallops.com\/es\/wp-json\/wp\/v2\/users\/1"}],"replies":[{"embeddable":true,"href":"https:\/\/www.tastetsdegratallops.com\/es\/wp-json\/wp\/v2\/comments?post=1915"}],"version-history":[{"count":5,"href":"https:\/\/www.tastetsdegratallops.com\/es\/wp-json\/wp\/v2\/pages\/1915\/revisions"}],"predecessor-version":[{"id":2534,"href":"https:\/\/www.tastetsdegratallops.com\/es\/wp-json\/wp\/v2\/pages\/1915\/revisions\/2534"}],"wp:attachment":[{"href":"https:\/\/www.tastetsdegratallops.com\/es\/wp-json\/wp\/v2\/media?parent=1915"}],"curies":[{"name":"wp","href":"https:\/\/api.w.org\/{rel}","templated":true}]}}