{"id":1912,"date":"2025-04-09T10:00:23","date_gmt":"2025-04-09T10:00:23","guid":{"rendered":"https:\/\/www.tastetsdegratallops.com\/contact\/"},"modified":"2025-05-27T15:30:47","modified_gmt":"2025-05-27T15:30:47","slug":"contact","status":"publish","type":"page","link":"https:\/\/www.tastetsdegratallops.com\/en\/contact\/","title":{"rendered":"Contact"},"content":{"rendered":"<p>[et_pb_section fb_built=&#8221;1&#8243; admin_label=&#8221;Header &#038; Contact Info&#8221; _builder_version=&#8221;4.21.0&#8243; _module_preset=&#8221;default&#8221; locked=&#8221;off&#8221; collapsed=&#8221;on&#8221; global_colors_info=&#8221;{}&#8221;][et_pb_row _builder_version=&#8221;4.21.0&#8243; _module_preset=&#8221;default&#8221; global_colors_info=&#8221;{}&#8221;][et_pb_column type=&#8221;4_4&#8243; _builder_version=&#8221;4.21.0&#8243; _module_preset=&#8221;default&#8221; global_colors_info=&#8221;{}&#8221;][et_pb_text _builder_version=&#8221;4.27.4&#8243; _module_preset=&#8221;083e143b-cca4-403e-9f4d-8b50207268d0&#8243; inline_fonts=&#8221;Poppins&#8221; global_colors_info=&#8221;{}&#8221;]<\/p>\n<h1 style=\"font-size: 40pt;\"><span style=\"font-family: Poppins; font-weight: normal;\">CONTACT THE <strong><span style=\"color: #9b0154;\">TASTETS<\/span><\/strong> \u200b\u200bTEAM<\/span><\/h1>\n<p>[\/et_pb_text][\/et_pb_column][\/et_pb_row][et_pb_row column_structure=&#8221;2_5,3_5&#8243; _builder_version=&#8221;4.21.0&#8243; _module_preset=&#8221;default&#8221; global_colors_info=&#8221;{}&#8221;][et_pb_column type=&#8221;2_5&#8243; _builder_version=&#8221;4.21.0&#8243; _module_preset=&#8221;default&#8221; global_colors_info=&#8221;{}&#8221;][et_pb_text _builder_version=&#8221;4.27.4&#8243; _module_preset=&#8221;4307ac83-a0ce-4964-8487-3e1522857fa5&#8243; custom_margin=&#8221;||0px||false|false&#8221; global_colors_info=&#8221;{}&#8221;]<\/p>\n<h4><strong><span style=\"color: #993366;\">Call us<\/span><\/strong><\/h4>\n<p>[\/et_pb_text][et_pb_text _builder_version=&#8221;4.27.4&#8243; _module_preset=&#8221;b1981344-0f03-4cc3-87d0-471a07356fa2&#8243; global_colors_info=&#8221;{}&#8221;]<\/p>\n<h6>977 83 92 95<\/h6>\n<p>[\/et_pb_text][et_pb_text _builder_version=&#8221;4.27.4&#8243; _module_preset=&#8221;4307ac83-a0ce-4964-8487-3e1522857fa5&#8243; custom_margin=&#8221;||0px||false|false&#8221; global_colors_info=&#8221;{}&#8221;]<\/p>\n<h4><strong><span style=\"color: #993366;\">Send us an email<\/span><\/strong><\/h4>\n<p>[\/et_pb_text][et_pb_text _builder_version=&#8221;4.27.4&#8243; _module_preset=&#8221;d2296219-bcfd-4dec-9e30-eae6bcd4da3b&#8221; link_text_color=&#8221;gcid-9c2b1d03-730f-4a4a-96c1-7a483c6994a2&#8243; global_colors_info=&#8221;{%22gcid-9c2b1d03-730f-4a4a-96c1-7a483c6994a2%22:%91%22link_text_color%22%93}&#8221;]<\/p>\n<h6 class=\"heading\" id=\"h_45393687131744191765298\"><a href=\"#h_45393687131744191765298\">info@tastetsdegratallops.com<\/a><\/h6>\n<p>[\/et_pb_text][et_pb_text _builder_version=&#8221;4.27.4&#8243; _module_preset=&#8221;4307ac83-a0ce-4964-8487-3e1522857fa5&#8243; text_text_color=&#8221;#9b0154&#8243; custom_margin=&#8221;||0px||false|false&#8221; global_colors_info=&#8221;{}&#8221;]<\/p>\n<h4><strong><span style=\"color: #993366;\">Location<\/span><\/strong><\/h4>\n<p>[\/et_pb_text][et_pb_text _builder_version=&#8221;4.27.4&#8243; _module_preset=&#8221;d2296219-bcfd-4dec-9e30-eae6bcd4da3b&#8221; link_text_color=&#8221;gcid-9c2b1d03-730f-4a4a-96c1-7a483c6994a2&#8243; custom_margin=&#8221;||0px||false|false&#8221; global_colors_info=&#8221;{%22gcid-9c2b1d03-730f-4a4a-96c1-7a483c6994a2%22:%91%22link_text_color%22%93}&#8221;]<\/p>\n<h6 class=\"heading\">Pla\u00e7a de l&#8217;Esgl\u00e9sia<br \/>Gratallops (Priorat ES)<\/h6>\n<p>[\/et_pb_text][\/et_pb_column][et_pb_column type=&#8221;3_5&#8243; _builder_version=&#8221;4.21.0&#8243; _module_preset=&#8221;default&#8221; global_colors_info=&#8221;{}&#8221;][et_pb_contact_form captcha=&#8221;off&#8221; submit_button_text=&#8221;SEND&#8221; _builder_version=&#8221;4.27.4&#8243; _module_preset=&#8221;1cae93c3-9b23-4154-b63c-06b3a5766607&#8243; form_field_focus_background_color=&#8221;#9b0154&#8243; button_text_color=&#8221;#FFFFFF&#8221; hover_enabled=&#8221;0&#8243; border_radii=&#8221;off||||&#8221; locked=&#8221;off&#8221; global_colors_info=&#8221;{%22gcid-73408ef3-8d7e-4e2c-a307-3f6f154d7ffc%22:%91%22border_color_all%22,%22button_bg_color%22,%22button_bg_color%22%93,%22gcid-0dd65ac1-b501-41d8-8d6b-bb3a9daf5c2a%22:%91%22form_field_text_color%22,%22form_field_text_color%22%93}&#8221; email=&#8221;info@tastetsdegratallops.com&#8221; sticky_enabled=&#8221;0&#8243;][et_pb_contact_field field_id=&#8221;Nom_i_cognoms_(*)&#8221; field_title=&#8221;Name and surname&#8221; fullwidth_field=&#8221;on&#8221; field_title_tablet=&#8221;Name and surnames&#8221; field_title_phone=&#8221;Name and surnames&#8221; field_title_last_edited=&#8221;on|desktop&#8221; _builder_version=&#8221;4.27.4&#8243; _module_preset=&#8221;default&#8221; form_field_font=&#8221;&#8211;et_global_heading_font|700||on|||||&#8221; global_colors_info=&#8221;{}&#8221;][\/et_pb_contact_field][et_pb_contact_field field_id=&#8221;Correu_electr\u00f2nic_(*)&#8221; field_title=&#8221;Email&#8221; fullwidth_field=&#8221;on&#8221; _builder_version=&#8221;4.27.4&#8243; _module_preset=&#8221;default&#8221; global_colors_info=&#8221;{}&#8221; button_text_size__hover_enabled=&#8221;off&#8221; button_one_text_size__hover_enabled=&#8221;off&#8221; button_two_text_size__hover_enabled=&#8221;off&#8221; button_text_color__hover_enabled=&#8221;off&#8221; button_one_text_color__hover_enabled=&#8221;off&#8221; button_two_text_color__hover_enabled=&#8221;off&#8221; button_border_width__hover_enabled=&#8221;off&#8221; button_one_border_width__hover_enabled=&#8221;off&#8221; button_two_border_width__hover_enabled=&#8221;off&#8221; button_border_color__hover_enabled=&#8221;off&#8221; button_one_border_color__hover_enabled=&#8221;off&#8221; button_two_border_color__hover_enabled=&#8221;off&#8221; button_border_radius__hover_enabled=&#8221;off&#8221; button_one_border_radius__hover_enabled=&#8221;off&#8221; button_two_border_radius__hover_enabled=&#8221;off&#8221; button_letter_spacing__hover_enabled=&#8221;off&#8221; button_one_letter_spacing__hover_enabled=&#8221;off&#8221; button_two_letter_spacing__hover_enabled=&#8221;off&#8221; button_bg_color__hover_enabled=&#8221;off&#8221; button_one_bg_color__hover_enabled=&#8221;off&#8221; button_two_bg_color__hover_enabled=&#8221;off&#8221;][\/et_pb_contact_field][et_pb_contact_field field_id=&#8221;Consulta&#8221; field_title=&#8221;Consulta&#8221; field_type=&#8221;text&#8221; fullwidth_field=&#8221;on&#8221; _builder_version=&#8221;4.27.4&#8243; _module_preset=&#8221;default&#8221; global_colors_info=&#8221;{}&#8221; button_text_size__hover_enabled=&#8221;off&#8221; button_one_text_size__hover_enabled=&#8221;off&#8221; button_two_text_size__hover_enabled=&#8221;off&#8221; button_text_color__hover_enabled=&#8221;off&#8221; button_one_text_color__hover_enabled=&#8221;off&#8221; button_two_text_color__hover_enabled=&#8221;off&#8221; button_border_width__hover_enabled=&#8221;off&#8221; button_one_border_width__hover_enabled=&#8221;off&#8221; button_two_border_width__hover_enabled=&#8221;off&#8221; button_border_color__hover_enabled=&#8221;off&#8221; button_one_border_color__hover_enabled=&#8221;off&#8221; button_two_border_color__hover_enabled=&#8221;off&#8221; button_border_radius__hover_enabled=&#8221;off&#8221; button_one_border_radius__hover_enabled=&#8221;off&#8221; button_two_border_radius__hover_enabled=&#8221;off&#8221; button_letter_spacing__hover_enabled=&#8221;off&#8221; button_one_letter_spacing__hover_enabled=&#8221;off&#8221; button_two_letter_spacing__hover_enabled=&#8221;off&#8221; button_bg_color__hover_enabled=&#8221;off&#8221; button_one_bg_color__hover_enabled=&#8221;off&#8221; button_two_bg_color__hover_enabled=&#8221;off&#8221;][\/et_pb_contact_field][\/et_pb_contact_form][\/et_pb_column][\/et_pb_row][et_pb_row _builder_version=&#8221;4.27.4&#8243; _module_preset=&#8221;default&#8221; custom_margin=&#8221;|auto|25px|auto||&#8221; custom_padding=&#8221;14px|||||&#8221; global_colors_info=&#8221;{}&#8221;][et_pb_column type=&#8221;4_4&#8243; _builder_version=&#8221;4.27.4&#8243; _module_preset=&#8221;default&#8221; global_colors_info=&#8221;{}&#8221;][et_pb_map address=&#8221;43737 Gratallops, Tarragona, Espa\u00f1a&#8221; zoom_level=&#8221;17&#8243; address_lat=&#8221;41.192923398178&#8243; address_lng=&#8221;0.77704527857362&#8243; _builder_version=&#8221;4.27.4&#8243; _module_preset=&#8221;default&#8221; global_colors_info=&#8221;{}&#8221;][et_pb_map_pin title=&#8221;Tastets de Gratallops&#8221; _builder_version=&#8221;4.27.4&#8243; _module_preset=&#8221;default&#8221; global_colors_info=&#8221;{}&#8221;][\/et_pb_map_pin][\/et_pb_map][\/et_pb_column][\/et_pb_row][\/et_pb_section][et_pb_section fb_built=&#8221;1&#8243; _builder_version=&#8221;4.27.4&#8243; _module_preset=&#8221;default&#8221; custom_margin=&#8221;-53px||-190px|||&#8221; global_colors_info=&#8221;{}&#8221;][\/et_pb_section][et_pb_section fb_built=&#8221;1&#8243; admin_label=&#8221;Footer&#8221; _builder_version=&#8221;4.21.0&#8243; _module_preset=&#8221;default&#8221; background_color=&#8221;gcid-0dd65ac1-b501-41d8-8d6b-bb3a9daf5c2a&#8221; min_height=&#8221;563.7px&#8221; custom_margin=&#8221;41px||-156px|||&#8221; saved_tabs=&#8221;all&#8221; locked=&#8221;off&#8221; collapsed=&#8221;on&#8221; global_colors_info=&#8221;{%22gcid-0dd65ac1-b501-41d8-8d6b-bb3a9daf5c2a%22:%91%22background_color%22%93}&#8221;][et_pb_row column_structure=&#8221;1_3,1_3,1_3&#8243; _builder_version=&#8221;4.21.0&#8243; _module_preset=&#8221;default&#8221; global_colors_info=&#8221;{}&#8221;][et_pb_column type=&#8221;1_3&#8243; _builder_version=&#8221;4.21.0&#8243; _module_preset=&#8221;default&#8221; global_colors_info=&#8221;{}&#8221;][et_pb_text _builder_version=&#8221;4.27.4&#8243; _module_preset=&#8221;d2296219-bcfd-4dec-9e30-eae6bcd4da3b&#8221; text_text_color=&#8221;#FFFFFF&#8221; global_colors_info=&#8221;{}&#8221;]Call us: 977 83 92 95<\/p>\n<p>Send us an email:<br \/>\ninfo@tastetsdegratallops.com<\/p>\n<p>Location:<br \/>\nPla\u00e7a de l&#8217;Esgl\u00e9sia<br \/>\nGratallops (Priorat ES)[\/et_pb_text][\/et_pb_column][et_pb_column type=&#8221;1_3&#8243; _builder_version=&#8221;4.27.4&#8243; _module_preset=&#8221;default&#8221; global_colors_info=&#8221;{}&#8221;][et_pb_text _builder_version=&#8221;4.27.4&#8243; _module_preset=&#8221;4307ac83-a0ce-4964-8487-3e1522857fa5&#8243; header_6_text_color=&#8221;#FFFFFF&#8221; custom_margin=&#8221;||0px||false|false&#8221; locked=&#8221;off&#8221; global_colors_info=&#8221;{}&#8221;]<\/p>\n<h6>COLLABORATORS<\/h6>\n<p><span style=\"color: #ffffff;\"><a href=\"https:\/\/www.dipta.cat\" style=\"color: #ffffff;\">Diputaci\u00f3 de Tarragona<\/a><\/span><\/p>\n<p><span style=\"color: #ffffff;\">Gr\u00e0fiques Priorat<\/span><\/p>\n<p>[\/et_pb_text][\/et_pb_column][et_pb_column type=&#8221;1_3&#8243; _builder_version=&#8221;4.21.0&#8243; _module_preset=&#8221;default&#8221; global_colors_info=&#8221;{}&#8221;][et_pb_text _builder_version=&#8221;4.27.4&#8243; _module_preset=&#8221;4307ac83-a0ce-4964-8487-3e1522857fa5&#8243; header_6_text_color=&#8221;#FFFFFF&#8221; custom_margin=&#8221;||0px||false|false&#8221; locked=&#8221;off&#8221; global_colors_info=&#8221;{}&#8221;]<\/p>\n<h6>Contact<\/h6>\n<p>[\/et_pb_text][et_pb_text _builder_version=&#8221;4.21.0&#8243; _module_preset=&#8221;b1981344-0f03-4cc3-87d0-471a07356fa2&#8243; header_4_text_color=&#8221;gcid-73408ef3-8d7e-4e2c-a307-3f6f154d7ffc&#8221; custom_margin=&#8221;||0px||false|false&#8221; locked=&#8221;off&#8221; global_colors_info=&#8221;{%22gcid-73408ef3-8d7e-4e2c-a307-3f6f154d7ffc%22:%91%22header_4_text_color%22%93}&#8221;]<\/p>\n<h4>+34 977 83 92 95<\/h4>\n<p>[\/et_pb_text][et_pb_text _builder_version=&#8221;4.27.4&#8243; _module_preset=&#8221;d2296219-bcfd-4dec-9e30-eae6bcd4da3b&#8221; link_text_color=&#8221;gcid-f232757b-4d7a-4e78-b151-fb3b6b856f41&#8243; locked=&#8221;off&#8221; global_colors_info=&#8221;{%22gcid-f232757b-4d7a-4e78-b151-fb3b6b856f41%22:%91%22link_text_color%22%93}&#8221; link_text_color__hover_enabled=&#8221;off|desktop&#8221;]<\/p>\n<h6 class=\"heading\"><span style=\"color: #ffffff;\"><a href=\"mailto:info@tastetsdegratallops.com\">info@tastetsdegratallops.com<\/a><\/span><\/h6>\n<h6><span style=\"color: #ffffff;\">Pla\u00e7a de l&#8217;Esgl\u00e9sia, Gratallops (Priorat)<\/span><\/h6>\n<p>[\/et_pb_text][\/et_pb_column][\/et_pb_row][et_pb_row _builder_version=&#8221;4.21.0&#8243; _module_preset=&#8221;default&#8221; global_colors_info=&#8221;{}&#8221;][et_pb_column type=&#8221;4_4&#8243; _builder_version=&#8221;4.21.0&#8243; _module_preset=&#8221;default&#8221; global_colors_info=&#8221;{}&#8221;][et_pb_social_media_follow icon_color=&#8221;gcid-0dd65ac1-b501-41d8-8d6b-bb3a9daf5c2a&#8221; _builder_version=&#8221;4.27.4&#8243; _module_preset=&#8221;default&#8221; text_orientation=&#8221;center&#8221; text_orientation_tablet=&#8221;left&#8221; text_orientation_phone=&#8221;&#8221; text_orientation_last_edited=&#8221;on|tablet&#8221; border_radii=&#8221;on|100px|100px|100px|100px&#8221; global_colors_info=&#8221;{%22gcid-0dd65ac1-b501-41d8-8d6b-bb3a9daf5c2a%22:%91%22icon_color%22%93}&#8221;][et_pb_social_media_follow_network social_network=&#8221;instagram&#8221; url=&#8221;https:\/\/www.instagram.com\/tastetsdegratallops&#8221; _builder_version=&#8221;4.27.4&#8243; _module_preset=&#8221;default&#8221; background_color=&#8221;gcid-73408ef3-8d7e-4e2c-a307-3f6f154d7ffc&#8221; background_enable_color=&#8221;on&#8221; custom_padding=&#8221;4px|4px|4px|4px|true|true&#8221; global_colors_info=&#8221;{%22gcid-73408ef3-8d7e-4e2c-a307-3f6f154d7ffc%22:%91%22background_color%22,%22background_color%22%93}&#8221; follow_button=&#8221;off&#8221; url_new_window=&#8221;on&#8221;]instagram[\/et_pb_social_media_follow_network][\/et_pb_social_media_follow][\/et_pb_column][\/et_pb_row][\/et_pb_section]<\/p>\n","protected":false},"excerpt":{"rendered":"<p>CONTACT THE TASTETS \u200b\u200bTEAMCall us977 83 92 95Send us an emailinfo@tastetsdegratallops.comLocationPla\u00e7a de l&#8217;Esgl\u00e9siaGratallops (Priorat ES)Call us: 977 83 92 95 Send us an email: info@tastetsdegratallops.com Location: Pla\u00e7a de l&#8217;Esgl\u00e9sia Gratallops (Priorat ES)COLLABORATORS Diputaci\u00f3 de Tarragona Gr\u00e0fiques PrioratContact+34 977 83 92 95info@tastetsdegratallops.com Pla\u00e7a de l&#8217;Esgl\u00e9sia, Gratallops (Priorat)<\/p>\n","protected":false},"author":1,"featured_media":0,"parent":0,"menu_order":0,"comment_status":"closed","ping_status":"closed","template":"","meta":{"_et_pb_use_builder":"on","_et_pb_old_content":"","_et_gb_content_width":"","_joinchat":[],"footnotes":""},"class_list":["post-1912","page","type-page","status-publish","hentry"],"jetpack_sharing_enabled":true,"_links":{"self":[{"href":"https:\/\/www.tastetsdegratallops.com\/en\/wp-json\/wp\/v2\/pages\/1912","targetHints":{"allow":["GET"]}}],"collection":[{"href":"https:\/\/www.tastetsdegratallops.com\/en\/wp-json\/wp\/v2\/pages"}],"about":[{"href":"https:\/\/www.tastetsdegratallops.com\/en\/wp-json\/wp\/v2\/types\/page"}],"author":[{"embeddable":true,"href":"https:\/\/www.tastetsdegratallops.com\/en\/wp-json\/wp\/v2\/users\/1"}],"replies":[{"embeddable":true,"href":"https:\/\/www.tastetsdegratallops.com\/en\/wp-json\/wp\/v2\/comments?post=1912"}],"version-history":[{"count":9,"href":"https:\/\/www.tastetsdegratallops.com\/en\/wp-json\/wp\/v2\/pages\/1912\/revisions"}],"predecessor-version":[{"id":2419,"href":"https:\/\/www.tastetsdegratallops.com\/en\/wp-json\/wp\/v2\/pages\/1912\/revisions\/2419"}],"wp:attachment":[{"href":"https:\/\/www.tastetsdegratallops.com\/en\/wp-json\/wp\/v2\/media?parent=1912"}],"curies":[{"name":"wp","href":"https:\/\/api.w.org\/{rel}","templated":true}]}}